{"id":6756,"date":"2022-12-26T14:25:36","date_gmt":"2022-12-26T14:25:36","guid":{"rendered":"https:\/\/esperidesbeach.gr\/cookies-policy\/"},"modified":"2023-01-06T07:49:35","modified_gmt":"2023-01-06T07:49:35","slug":"cookies-policy","status":"publish","type":"page","link":"https:\/\/esperidesbeach.gr\/de\/cookies-policy\/","title":{"rendered":"Cookie-Richtlinie"},"content":{"rendered":"\t\t<div data-elementor-type=\"wp-page\" data-elementor-id=\"6756\" class=\"elementor elementor-6756 elementor-5464\" data-elementor-post-type=\"page\">\n\t\t\t\t\t\t<section class=\"elementor-section elementor-top-section elementor-element elementor-element-c5bd1e7 elementor-section-full_width elementor-section-stretched elementor-section-height-default elementor-section-height-default qodef-elementor-content-no\" data-id=\"c5bd1e7\" data-element_type=\"section\" data-e-type=\"section\" data-settings=\"{&quot;stretch_section&quot;:&quot;section-stretched&quot;}\">\n\t\t\t\t\t\t\t<div class=\"elementor-background-overlay\"><\/div>\n\t\t\t\t\t\t\t<div class=\"elementor-container elementor-column-gap-default\">\n\t\t\t\t\t<div class=\"elementor-column elementor-col-100 elementor-top-column elementor-element elementor-element-2caa593\" data-id=\"2caa593\" data-element_type=\"column\" data-e-type=\"column\" data-settings=\"{&quot;background_background&quot;:&quot;classic&quot;}\">\n\t\t\t<div class=\"elementor-widget-wrap elementor-element-populated\">\n\t\t\t\t\t\t<div class=\"elementor-element elementor-element-d2764c7 elementor-widget elementor-widget-spacer\" data-id=\"d2764c7\" data-element_type=\"widget\" data-e-type=\"widget\" data-widget_type=\"spacer.default\">\n\t\t\t\t<div class=\"elementor-widget-container\">\n\t\t\t\t\t\t\t<div class=\"elementor-spacer\">\n\t\t\t<div class=\"elementor-spacer-inner\"><\/div>\n\t\t<\/div>\n\t\t\t\t\t\t<\/div>\n\t\t\t\t<\/div>\n\t\t\t\t<div class=\"elementor-element elementor-element-0ddcf7e elementor-widget elementor-widget-heading\" data-id=\"0ddcf7e\" data-element_type=\"widget\" data-e-type=\"widget\" data-widget_type=\"heading.default\">\n\t\t\t\t<div class=\"elementor-widget-container\">\n\t\t\t\t\t<h2 class=\"elementor-heading-title elementor-size-default\">Cookie-Richtlinie<\/h2>\t\t\t\t<\/div>\n\t\t\t\t<\/div>\n\t\t\t\t<div class=\"elementor-element elementor-element-7806f94 elementor-widget elementor-widget-spacer\" data-id=\"7806f94\" data-element_type=\"widget\" data-e-type=\"widget\" data-widget_type=\"spacer.default\">\n\t\t\t\t<div class=\"elementor-widget-container\">\n\t\t\t\t\t\t\t<div class=\"elementor-spacer\">\n\t\t\t<div class=\"elementor-spacer-inner\"><\/div>\n\t\t<\/div>\n\t\t\t\t\t\t<\/div>\n\t\t\t\t<\/div>\n\t\t\t\t\t<\/div>\n\t\t<\/div>\n\t\t\t\t\t<\/div>\n\t\t<\/section>\n\t\t\t\t<section class=\"elementor-section elementor-top-section elementor-element elementor-element-55bc024 elementor-section-full_width qodef-elementor-content-grid elementor-section-height-default elementor-section-height-default\" data-id=\"55bc024\" data-element_type=\"section\" data-e-type=\"section\">\n\t\t\t\t\t\t<div class=\"elementor-container elementor-column-gap-no\">\n\t\t\t\t\t<div class=\"elementor-column elementor-col-100 elementor-top-column elementor-element elementor-element-5abf0b6\" data-id=\"5abf0b6\" data-element_type=\"column\" data-e-type=\"column\">\n\t\t\t<div class=\"elementor-widget-wrap elementor-element-populated\">\n\t\t\t\t\t\t<div class=\"elementor-element elementor-element-a2f1e3d elementor-widget elementor-widget-text-editor\" data-id=\"a2f1e3d\" data-element_type=\"widget\" data-e-type=\"widget\" data-widget_type=\"text-editor.default\">\n\t\t\t\t<div class=\"elementor-widget-container\">\n\t\t\t\t\t\t\t\t\t<h3><strong>Informationen zur Cookie-Richtlinie<\/strong><\/h3>\n<p>Bei <strong>esperidesbeach.gr <\/strong> verwenden wir Cookies, um Ihre Erfahrung auf unserer Website zu verbessern. Die Verwendung von Cookies hilft uns, die Funktionen der Website zu verbessern, Ihnen das Surfen zu erleichtern und Sie bei Ihrer Auswahl zu unterst\u00fctzen. Auf diese Weise k\u00f6nnen wir Ihnen personalisierte Inhalte und Werbung anbieten, die auf Ihren Interessen und Bed\u00fcrfnissen basieren. Dar\u00fcber hinaus werden Cookies verwendet, damit wir den Verkehr auf unserer Website analysieren und problematische Seiten erkennen k\u00f6nnen, die verbessert werden m\u00fcssen. Unser Ziel ist es, unsere Website zu verbessern, um unseren Benutzern w\u00e4hrend der Besuche eine kontinuierlich verbesserte Erfahrung und Dienstleistungen zu bieten.<\/p>\n<p><\/p>\n<p>Bei <strong>esperidesbeach<\/strong><strong>.gr<\/strong> besteht das Hauptziel darin, die Privatsph\u00e4re der Besucher der Website zu sch\u00fctzen, und aus diesem Grund h\u00e4lt sich die Organisation an eine strenge Richtlinie.<\/p>\n<p>Wir empfehlen Ihnen, sich etwas Zeit zu nehmen, um diese Richtlinie zu lesen, damit Sie verstehen, welche Art von Cookies wir verwenden, welche Informationen wir durch die Verwendung von Cookies sammeln und wie diese Informationen verwendet werden. Durch die Nutzung unserer Website stimmen Sie der Verwendung von Cookies gem\u00e4\u00df dieser Richtlinie zu.<\/p>\n<p><\/p>\n<h3><strong>Was sind Cookies?<\/strong><\/h3>\n<p>\u201eCookies\u201c sind kleine Dateien mit Informationen, die eine Website auf dem Computer eines Benutzers speichert (normalerweise in der Webnavigationssoftware wie Chrome, Opera, Mozilla, Firefox, Edge usw.), damit der Benutzer sich bei jeder Verbindung mit dem Website, stellt sie die fraglichen Informationen wieder her und stellt dem Benutzer damit verbundene Dienste zur Verf\u00fcgung. Ein typisches Beispiel f\u00fcr solche Informationen sind die Pr\u00e4ferenzen des Benutzers auf einer Website, da diese durch die Auswahl ausgedr\u00fcckt werden, die der Benutzer auf der bestimmten Website trifft (z. B. Auswahl bestimmter Schaltfl\u00e4chen, Suchanfragen, Anzeigen usw.)<\/p>\n<p><\/p>\n<h3><strong>Allgemeine Informationen zur Klassifizierung von Cookies<\/strong><br>Es gibt zwei allgemeine Kategorien von Cookies:<\/h3>\n<ul>\n<li>Technische Cookies: Diese sind f\u00fcr das ordnungsgem\u00e4\u00dfe Funktionieren einer Website und die Navigation des Benutzers darin erforderlich. Ohne diese ist es dem Nutzer unter Umst\u00e4nden nicht m\u00f6glich, die Seiten korrekt anzuzeigen oder bestimmte Dienste zu nutzen.<\/li>\n<li>Cookies zur Erstellung eines Profils: Diese werden verwendet, um Benutzerprofile f\u00fcr das Versenden von Werbebotschaften gem\u00e4\u00df den Pr\u00e4ferenzen zu erstellen, die der Benutzer w\u00e4hrend der Navigation zeigt.<\/li><\/ul>\n<h3>Cookies, entweder \u201etechnische\u201c oder solche zur \u201eErstellung eines Profils\u201c, k\u00f6nnen auch klassifiziert werden als:<\/h3>\n<ul>\n<li>\u201eSession\u201c-Cookies, die beim Beenden der Navigationssoftware sofort gel\u00f6scht werden<\/li>\n<li>\u201epermanente\u201c Cookies, die f\u00fcr einen bestimmten Zeitraum in der Navigationssoftware verbleiben. Diese Cookies werden beispielsweise verwendet, um das Ger\u00e4t zu erkennen, das eine Verbindung zu einer Website herstellt, und erleichtern das Identifizierungsverfahren des Benutzers<\/li>\n<li>&#8222;propriet\u00e4re&#8220; Cookies, die vom Betreiber der Website, auf der der Benutzer navigiert, erstellt und direkt \u00fcberwacht werden<\/li><\/ul>\n<h3>Unsere Website verwendet \u201etechnische\u201c Cookies und insbesondere die folgenden Arten von Cookies:<\/h3>\n<ul>\n<li>propriet\u00e4re Cookies, Session-Cookies und permanente Cookies, die f\u00fcr die Navigation auf der Website, f\u00fcr Zwecke der internen Sicherheit und der Systemverwaltung erforderlich sind<\/li>\n<li>Cookies von Drittanbietern, permanente Cookies, die von der Website verwendet werden, um statistische Informationen an Google Analytics zu senden, wodurch das Unternehmen eine statistische Analyse der Zugriffe\/Besuche auf der Website durchf\u00fchren kann. Die verwendeten Cookies dienen ausschlie\u00dflich statistischen Zwecken und sammeln Informationen in aggregierter Form. Durch die Verwendung von zwei Cookies, permanenten Cookies und Session-Cookies (die mit dem Schlie\u00dfen der Navigationssoftware verfallen) speichert Google Analytics auch ein Protokoll mit den Zeitpunkten, zu denen die Besuche auf der Website beginnen, sowie das Ausloggen. Sie k\u00f6nnen die Datenerhebung durch Cookies durch Google und die nachfolgende Datenverarbeitung verhindern, indem Sie das Add-on zur Navigationssoftware unter der folgenden Adresse herunterladen und installieren: <a href=\"http:\/\/tools.google.com\/dlpage\/gaoptout \" target=\"_blank\" rel=\"noopener\">http:\/\/tools.google.com\/dlpage\/gaoptout<\/a>.<\/li>\n<\/ul>\n<p>F\u00fcr Cookies von Drittanbietern erteilen oder verweigern Benutzer ihre Zustimmung direkt an den Eigent\u00fcmer des betreffenden Cookies, auf den sich das Unternehmen einfach bezieht: Die meisten Cookies von Drittanbietern, die auf der Website vorhanden sind, k\u00f6nnen vom Benutzer \u00fcber deren deaktiviert werden Navigationssoftware oder indem Sie die Websites ihrer Betreiber direkt besuchen, indem Sie die Links verwenden, auf die in der nachstehenden Tabelle verwiesen wird. In jedem Fall betonen wir, dass die Deaktivierung von Cookies Ihre M\u00f6glichkeiten zur Nutzung der Website und\/oder zur vollst\u00e4ndigen Nutzung der verf\u00fcgbaren Funktionen und Dienste beeintr\u00e4chtigen kann.<\/p>\n<p><\/p>\n<h3><strong>Spezifischere Klassifizierung von Cookies hinsichtlich ihrer Funktion:<\/strong><\/h3>\n<ol>\n<li><strong> Unbedingt erforderliche Cookies<br><\/strong>Diese Cookies sind f\u00fcr das Funktionieren der Website erforderlich und k\u00f6nnen in unseren Systemen nicht deaktiviert werden. Sie werden in der Regel nur als Reaktion auf von Ihnen vorgenommene Aktionen gesetzt, die einer Anfrage nach Diensten gleichkommen, wie z. B. das Festlegen Ihrer Datenschutzeinstellungen, das Anmelden oder das Ausf\u00fcllen von Formularen. Sie k\u00f6nnen Ihren Browser so einstellen, dass er diese Cookies blockiert oder Sie darauf hinweist, aber einige Teile der Website werden dann nicht funktionieren. Diese Cookies speichern keine personenbezogenen Daten.<\/li>\n<li><strong>Leistungs-Cookies<br><\/strong>Mit diesen Cookies k\u00f6nnen wir Besuche und Zugriffsquellen z\u00e4hlen, damit wir die Leistung unserer Website messen und verbessern k\u00f6nnen. Sie helfen uns zu wissen, welche Seiten am beliebtesten und welche am wenigsten beliebt sind, und zu sehen, wie sich Besucher auf der Website bewegen. Alle Informationen, die diese Cookies sammeln, sind aggregiert und daher anonym. Wenn Sie diese Cookies nicht zulassen, wissen wir nicht, wann Sie unsere Website besucht haben, und k\u00f6nnen ihre Leistung nicht \u00fcberwachen.<\/li>\n<li><strong>Funktionale Cookies<br><\/strong>Diese Cookies erm\u00f6glichen es der Website, erweiterte Funktionalit\u00e4t und Personalisierung bereitzustellen. Sie k\u00f6nnen von uns oder von Drittanbietern gesetzt werden, deren Dienste wir auf unseren Seiten hinzugef\u00fcgt haben. Wenn Sie diese Cookies nicht zulassen, funktionieren einige oder alle dieser Dienste m\u00f6glicherweise nicht richtig.<\/li><\/ol>\n<h3><strong>So kontrollieren Sie Cookies<\/strong><\/h3>\n<p>Die meisten Navigationsprogramme im Internet bieten Ihnen die M\u00f6glichkeit auszuw\u00e4hlen, ob Sie Cookies verwenden m\u00f6chten oder nicht. W\u00e4hlen Sie die von Ihnen verwendete Navigationssoftware aus und folgen Sie den Anweisungen:<\/p>\n<ul>\n<li><a href=\"http:\/\/www.google.com\/support\/chrome\/bin\/answer.py?hl=de&amp;answer=95647\" target=\"_blank\" rel=\"noopener\">Chrome<\/a><\/li>\n<li><a href=\"https:\/\/support.apple.com\/kb\/PH21411?viewlocale=en_US&amp;locale=en_US\" target=\"_blank\" rel=\"noopener\">Safari<\/a><\/li>\n<li><a href=\"http:\/\/support.mozilla.com\/en-US\/kb\/Cookies\" target=\"_blank\" rel=\"noopener\">Firefox<\/a><\/li>\n<li><a href=\"http:\/\/windows.microsoft.com\/en-US\/windows-vista\/Block-or-allow-cookies\" target=\"_blank\" rel=\"noopener\">Internet Explorer<\/a><\/li>\n<\/ul>\n<p>Wenn Sie einen anderen Browser verwenden, beachten Sie bitte die Informationen des Anbieters.<\/p>\t\t\t\t\t\t\t\t<\/div>\n\t\t\t\t<\/div>\n\t\t\t\t\t<\/div>\n\t\t<\/div>\n\t\t\t\t\t<\/div>\n\t\t<\/section>\n\t\t\t\t<\/div>\n\t\t","protected":false},"excerpt":{"rendered":"<p>Cookie-Richtlinie Informationen zur Cookie-Richtlinie Bei esperidesbeach.gr verwenden wir Cookies, um Ihre Erfahrung auf unserer Website zu verbessern. Die Verwendung von Cookies hilft uns, die Funktionen der Website zu verbessern, Ihnen das Surfen zu erleichtern und Sie bei Ihrer Auswahl zu unterst\u00fctzen. Auf diese Weise k\u00f6nnen wir Ihnen personalisierte Inhalte und Werbung anbieten, die auf Ihren [&hellip;]<\/p>\n","protected":false},"author":1,"featured_media":0,"parent":0,"menu_order":0,"comment_status":"closed","ping_status":"closed","template":"page-full-width.php","meta":{"rs_blank_template":"","rs_page_bg_color":"","slide_template_v7":"","footnotes":""},"class_list":["post-6756","page","type-page","status-publish","hentry"],"_links":{"self":[{"href":"https:\/\/esperidesbeach.gr\/de\/wp-json\/wp\/v2\/pages\/6756","targetHints":{"allow":["GET"]}}],"collection":[{"href":"https:\/\/esperidesbeach.gr\/de\/wp-json\/wp\/v2\/pages"}],"about":[{"href":"https:\/\/esperidesbeach.gr\/de\/wp-json\/wp\/v2\/types\/page"}],"author":[{"embeddable":true,"href":"https:\/\/esperidesbeach.gr\/de\/wp-json\/wp\/v2\/users\/1"}],"replies":[{"embeddable":true,"href":"https:\/\/esperidesbeach.gr\/de\/wp-json\/wp\/v2\/comments?post=6756"}],"version-history":[{"count":10,"href":"https:\/\/esperidesbeach.gr\/de\/wp-json\/wp\/v2\/pages\/6756\/revisions"}],"predecessor-version":[{"id":6781,"href":"https:\/\/esperidesbeach.gr\/de\/wp-json\/wp\/v2\/pages\/6756\/revisions\/6781"}],"wp:attachment":[{"href":"https:\/\/esperidesbeach.gr\/de\/wp-json\/wp\/v2\/media?parent=6756"}],"curies":[{"name":"wp","href":"https:\/\/api.w.org\/{rel}","templated":true}]}}