{"id":6785,"date":"2022-12-26T13:19:53","date_gmt":"2022-12-26T13:19:53","guid":{"rendered":"https:\/\/esperidesbeach.gr\/skiathos\/"},"modified":"2023-01-06T08:07:52","modified_gmt":"2023-01-06T08:07:52","slug":"skiathos","status":"publish","type":"page","link":"https:\/\/esperidesbeach.gr\/de\/skiathos\/","title":{"rendered":"Skiathos"},"content":{"rendered":"\t\t<div data-elementor-type=\"wp-page\" data-elementor-id=\"6785\" class=\"elementor elementor-6785 elementor-5308\" data-elementor-post-type=\"page\">\n\t\t\t\t\t\t<section class=\"elementor-section elementor-top-section elementor-element elementor-element-af270e8 elementor-section-full_width elementor-section-stretched elementor-section-height-default elementor-section-height-default qodef-elementor-content-no\" data-id=\"af270e8\" data-element_type=\"section\" data-e-type=\"section\" data-settings=\"{&quot;stretch_section&quot;:&quot;section-stretched&quot;}\">\n\t\t\t\t\t\t\t<div class=\"elementor-background-overlay\"><\/div>\n\t\t\t\t\t\t\t<div class=\"elementor-container elementor-column-gap-default\">\n\t\t\t\t\t<div class=\"elementor-column elementor-col-100 elementor-top-column elementor-element elementor-element-392321b\" data-id=\"392321b\" data-element_type=\"column\" data-e-type=\"column\" data-settings=\"{&quot;background_background&quot;:&quot;classic&quot;}\">\n\t\t\t<div class=\"elementor-widget-wrap elementor-element-populated\">\n\t\t\t\t\t\t<div class=\"elementor-element elementor-element-ac3c18c elementor-widget elementor-widget-image\" data-id=\"ac3c18c\" data-element_type=\"widget\" data-e-type=\"widget\" data-widget_type=\"image.default\">\n\t\t\t\t<div class=\"elementor-widget-container\">\n\t\t\t\t\t\t\t\t\t\t\t\t\t\t\t<img fetchpriority=\"high\" decoding=\"async\" width=\"1920\" height=\"1080\" src=\"https:\/\/esperidesbeach.gr\/wp-content\/uploads\/2022\/12\/skiathos-1-1.jpg\" class=\"attachment-full size-full wp-image-6569\" alt=\"\" srcset=\"https:\/\/esperidesbeach.gr\/wp-content\/uploads\/2022\/12\/skiathos-1-1.jpg 1920w, https:\/\/esperidesbeach.gr\/wp-content\/uploads\/2022\/12\/skiathos-1-1-300x169.jpg 300w, https:\/\/esperidesbeach.gr\/wp-content\/uploads\/2022\/12\/skiathos-1-1-1024x576.jpg 1024w, https:\/\/esperidesbeach.gr\/wp-content\/uploads\/2022\/12\/skiathos-1-1-768x432.jpg 768w, https:\/\/esperidesbeach.gr\/wp-content\/uploads\/2022\/12\/skiathos-1-1-1536x864.jpg 1536w, https:\/\/esperidesbeach.gr\/wp-content\/uploads\/2022\/12\/skiathos-1-1-600x338.jpg 600w\" sizes=\"(max-width: 1920px) 100vw, 1920px\" \/>\t\t\t\t\t\t\t\t\t\t\t\t\t\t\t<\/div>\n\t\t\t\t<\/div>\n\t\t\t\t\t<\/div>\n\t\t<\/div>\n\t\t\t\t\t<\/div>\n\t\t<\/section>\n\t\t\t\t<section class=\"elementor-section elementor-top-section elementor-element elementor-element-55bc024 elementor-section-full_width qodef-elementor-content-grid elementor-section-height-default elementor-section-height-default\" data-id=\"55bc024\" data-element_type=\"section\" data-e-type=\"section\">\n\t\t\t\t\t\t<div class=\"elementor-container elementor-column-gap-no\">\n\t\t\t\t\t<div class=\"elementor-column elementor-col-100 elementor-top-column elementor-element elementor-element-5abf0b6\" data-id=\"5abf0b6\" data-element_type=\"column\" data-e-type=\"column\">\n\t\t\t<div class=\"elementor-widget-wrap elementor-element-populated\">\n\t\t\t\t\t\t<div class=\"elementor-element elementor-element-1522463 elementor-widget elementor-widget-alloggio_core_section_title\" data-id=\"1522463\" data-element_type=\"widget\" data-e-type=\"widget\" data-widget_type=\"alloggio_core_section_title.default\">\n\t\t\t\t<div class=\"elementor-widget-container\">\n\t\t\t\t\t<div class=\"qodef-shortcode qodef-m qodef-section-title qodef-alignment--center\">\n\t\t<h2 class=\"qodef-m-title\" >\n\t\t\t\t\tSkiathos\t\t\t<\/h2>\n\t\t<span class=\"qodef-m-text\" style=\"margin-top: 25px\">Skiathos ist die kleinste Insel der Nordsporaden und befindet sich in der n\u00f6rdlichen \u00c4g\u00e4is. \u00dcber 60 ihrer Str\u00e4nde sind von Land und Meer aus zug\u00e4nglich, was 44km K\u00fcstenlinie entspricht. Je nach Lust und Laune k\u00f6nnen Sie sich dort einfach entspannen oder die kosmopolitische Umgebung und die dynamische Musik genie\u00dfen, tauchen, Wassersport treiben, reiten, auf gekennzeichneten Pfaden wandern, Fahrrad fahren, Tennis spielen, und vieles andere unternehmen.<\/span>\n<\/div>\t\t\t\t<\/div>\n\t\t\t\t<\/div>\n\t\t\t\t\t<\/div>\n\t\t<\/div>\n\t\t\t\t\t<\/div>\n\t\t<\/section>\n\t\t\t\t<section class=\"elementor-section elementor-top-section elementor-element elementor-element-7f33905 elementor-section-full_width elementor-section-height-default elementor-section-height-default qodef-elementor-content-no\" data-id=\"7f33905\" data-element_type=\"section\" data-e-type=\"section\">\n\t\t\t\t\t\t<div class=\"elementor-container elementor-column-gap-no\">\n\t\t\t\t\t<div class=\"elementor-column elementor-col-100 elementor-top-column elementor-element elementor-element-51b8e82\" data-id=\"51b8e82\" data-element_type=\"column\" data-e-type=\"column\">\n\t\t\t<div class=\"elementor-widget-wrap elementor-element-populated\">\n\t\t\t\t\t\t<div class=\"elementor-element elementor-element-8951154 elementor-widget elementor-widget-alloggio_core_banner\" data-id=\"8951154\" data-element_type=\"widget\" data-e-type=\"widget\" data-widget_type=\"alloggio_core_banner.default\">\n\t\t\t\t<div class=\"elementor-widget-container\">\n\t\t\t\t\t<div class=\"qodef-shortcode qodef-m qodef-banner qodef-layout--link-overlay\">\n\t<div class=\"qodef-m-image\">\n\t<img decoding=\"async\" width=\"1920\" height=\"1080\" src=\"https:\/\/esperidesbeach.gr\/wp-content\/uploads\/2022\/12\/lalaria-1.jpg\" class=\"attachment-full size-full\" alt=\"\" srcset=\"https:\/\/esperidesbeach.gr\/wp-content\/uploads\/2022\/12\/lalaria-1.jpg 1920w, https:\/\/esperidesbeach.gr\/wp-content\/uploads\/2022\/12\/lalaria-1-300x169.jpg 300w, https:\/\/esperidesbeach.gr\/wp-content\/uploads\/2022\/12\/lalaria-1-1024x576.jpg 1024w, https:\/\/esperidesbeach.gr\/wp-content\/uploads\/2022\/12\/lalaria-1-768x432.jpg 768w, https:\/\/esperidesbeach.gr\/wp-content\/uploads\/2022\/12\/lalaria-1-1536x864.jpg 1536w, https:\/\/esperidesbeach.gr\/wp-content\/uploads\/2022\/12\/lalaria-1-600x338.jpg 600w\" sizes=\"(max-width: 1920px) 100vw, 1920px\" \/>\t<a itemprop=\"url\" href=\"\" class=\"qodef-m-banner-link\" target=\"_self\"><\/a>\n<\/div>\t<div class=\"qodef-m-content\">\n\t\t<div class=\"qodef-m-content-inner\" style=\"text-align: center\">\n\t\t\t<div class=\"qodef-m-content-inner-background\" ><\/div>\n\t\t\t<div class=\"qodef-m-content-inner-holder\">\n\t\t\t\t\t\t\t\t\t\t\t\t\t\t\t\t<a itemprop=\"url\" href=\"\" class=\"qodef-m-banner-link\" target=\"_self\"><\/a>\n\t\t\t<\/div>\n\t\t\t<a itemprop=\"url\" href=\"\" class=\"qodef-m-banner-link\" target=\"_self\"><\/a>\n\t\t<\/div>\n\t<\/div>\n<\/div>\n\t\t\t\t<\/div>\n\t\t\t\t<\/div>\n\t\t\t\t\t<\/div>\n\t\t<\/div>\n\t\t\t\t\t<\/div>\n\t\t<\/section>\n\t\t\t\t<section class=\"elementor-section elementor-top-section elementor-element elementor-element-b515fab elementor-section-full_width qodef-elementor-content-grid elementor-section-height-default elementor-section-height-default\" data-id=\"b515fab\" data-element_type=\"section\" data-e-type=\"section\">\n\t\t\t\t\t\t<div class=\"elementor-container elementor-column-gap-no\">\n\t\t\t\t\t<div class=\"elementor-column elementor-col-100 elementor-top-column elementor-element elementor-element-6eccbea\" data-id=\"6eccbea\" data-element_type=\"column\" data-e-type=\"column\">\n\t\t\t<div class=\"elementor-widget-wrap elementor-element-populated\">\n\t\t\t\t\t\t<div class=\"elementor-element elementor-element-f091e65 elementor-widget elementor-widget-alloggio_core_section_title\" data-id=\"f091e65\" data-element_type=\"widget\" data-e-type=\"widget\" data-widget_type=\"alloggio_core_section_title.default\">\n\t\t\t\t<div class=\"elementor-widget-container\">\n\t\t\t\t\t<div class=\"qodef-shortcode qodef-m qodef-section-title qodef-alignment--center\">\n\t\t<h2 class=\"qodef-m-title\" >\n\t\t\t\t\tMuseum von Alexandros Papadiamantis \t\t\t<\/h2>\n\t\t<span class=\"qodef-m-text\" style=\"margin-top: 25px\">Im Hauptort von Skiathos befindet sich das einstige Wohnhaus und jetzige Museum von Alexandros Papadiamantis und die ehemalige Festung Bourtzi, die zu einem Mehrzweckraum umgebaut wurde, wo Ausstellungen, Konzerte und Theatervorstellungen stattfinden. <\/span>\n<\/div>\t\t\t\t<\/div>\n\t\t\t\t<\/div>\n\t\t\t\t\t<\/div>\n\t\t<\/div>\n\t\t\t\t\t<\/div>\n\t\t<\/section>\n\t\t\t\t<section class=\"elementor-section elementor-top-section elementor-element elementor-element-60895ba7 elementor-section-full_width elementor-section-height-default elementor-section-height-default qodef-elementor-content-no\" data-id=\"60895ba7\" data-element_type=\"section\" data-e-type=\"section\">\n\t\t\t\t\t\t<div class=\"elementor-container elementor-column-gap-no\">\n\t\t\t\t\t<div class=\"elementor-column elementor-col-100 elementor-top-column elementor-element elementor-element-4c73e9c6\" data-id=\"4c73e9c6\" data-element_type=\"column\" data-e-type=\"column\">\n\t\t\t<div class=\"elementor-widget-wrap elementor-element-populated\">\n\t\t\t\t\t\t<div class=\"elementor-element elementor-element-3966dc83 elementor-widget elementor-widget-alloggio_core_banner\" data-id=\"3966dc83\" data-element_type=\"widget\" data-e-type=\"widget\" data-widget_type=\"alloggio_core_banner.default\">\n\t\t\t\t<div class=\"elementor-widget-container\">\n\t\t\t\t\t<div class=\"qodef-shortcode qodef-m qodef-banner qodef-layout--link-overlay\">\n\t<div class=\"qodef-m-image\">\n\t<img decoding=\"async\" width=\"1920\" height=\"749\" src=\"https:\/\/esperidesbeach.gr\/wp-content\/uploads\/2022\/12\/papadiamantis.jpg\" class=\"attachment-full size-full\" alt=\"\" srcset=\"https:\/\/esperidesbeach.gr\/wp-content\/uploads\/2022\/12\/papadiamantis.jpg 1920w, https:\/\/esperidesbeach.gr\/wp-content\/uploads\/2022\/12\/papadiamantis-300x117.jpg 300w, https:\/\/esperidesbeach.gr\/wp-content\/uploads\/2022\/12\/papadiamantis-1024x399.jpg 1024w, https:\/\/esperidesbeach.gr\/wp-content\/uploads\/2022\/12\/papadiamantis-768x300.jpg 768w, https:\/\/esperidesbeach.gr\/wp-content\/uploads\/2022\/12\/papadiamantis-1536x599.jpg 1536w, https:\/\/esperidesbeach.gr\/wp-content\/uploads\/2022\/12\/papadiamantis-600x234.jpg 600w\" sizes=\"(max-width: 1920px) 100vw, 1920px\" \/>\t<a itemprop=\"url\" href=\"\" class=\"qodef-m-banner-link\" target=\"_self\"><\/a>\n<\/div>\t<div class=\"qodef-m-content\">\n\t\t<div class=\"qodef-m-content-inner\" style=\"text-align: center\">\n\t\t\t<div class=\"qodef-m-content-inner-background\" ><\/div>\n\t\t\t<div class=\"qodef-m-content-inner-holder\">\n\t\t\t\t\t\t\t\t\t\t\t\t\t\t\t\t<a itemprop=\"url\" href=\"\" class=\"qodef-m-banner-link\" target=\"_self\"><\/a>\n\t\t\t<\/div>\n\t\t\t<a itemprop=\"url\" href=\"\" class=\"qodef-m-banner-link\" target=\"_self\"><\/a>\n\t\t<\/div>\n\t<\/div>\n<\/div>\n\t\t\t\t<\/div>\n\t\t\t\t<\/div>\n\t\t\t\t\t<\/div>\n\t\t<\/div>\n\t\t\t\t\t<\/div>\n\t\t<\/section>\n\t\t\t\t<section class=\"elementor-section elementor-top-section elementor-element elementor-element-bb560d3 elementor-section-full_width qodef-elementor-content-grid elementor-section-height-default elementor-section-height-default\" data-id=\"bb560d3\" data-element_type=\"section\" data-e-type=\"section\">\n\t\t\t\t\t\t<div class=\"elementor-container elementor-column-gap-no\">\n\t\t\t\t\t<div class=\"elementor-column elementor-col-100 elementor-top-column elementor-element elementor-element-9257121\" data-id=\"9257121\" data-element_type=\"column\" data-e-type=\"column\">\n\t\t\t<div class=\"elementor-widget-wrap elementor-element-populated\">\n\t\t\t\t\t\t<div class=\"elementor-element elementor-element-97878b7 elementor-widget elementor-widget-alloggio_core_section_title\" data-id=\"97878b7\" data-element_type=\"widget\" data-e-type=\"widget\" data-widget_type=\"alloggio_core_section_title.default\">\n\t\t\t\t<div class=\"elementor-widget-container\">\n\t\t\t\t\t<div class=\"qodef-shortcode qodef-m qodef-section-title qodef-alignment--center\">\n\t\t<h2 class=\"qodef-m-title\" >\n\t\t\t\t\tKloster Evangelistria\t\t\t<\/h2>\n\t\t<span class=\"qodef-m-text\" style=\"margin-top: 25px\">Auch das Kloster Evangelistria aus dem Jahr 1807, wo die erste griechische Flagge gewebt, gesegnet und gehisst wurde, d\u00fcrfen Sie auf keinen Fall verpassen. <\/span>\n<\/div>\t\t\t\t<\/div>\n\t\t\t\t<\/div>\n\t\t\t\t\t<\/div>\n\t\t<\/div>\n\t\t\t\t\t<\/div>\n\t\t<\/section>\n\t\t\t\t<section class=\"elementor-section elementor-top-section elementor-element elementor-element-0c7c8b7 elementor-section-full_width elementor-section-height-default elementor-section-height-default qodef-elementor-content-no\" data-id=\"0c7c8b7\" data-element_type=\"section\" data-e-type=\"section\">\n\t\t\t\t\t\t<div class=\"elementor-container elementor-column-gap-no\">\n\t\t\t\t\t<div class=\"elementor-column elementor-col-100 elementor-top-column elementor-element elementor-element-e001b39\" data-id=\"e001b39\" data-element_type=\"column\" data-e-type=\"column\">\n\t\t\t<div class=\"elementor-widget-wrap elementor-element-populated\">\n\t\t\t\t\t\t<div class=\"elementor-element elementor-element-1890b7e elementor-widget elementor-widget-alloggio_core_banner\" data-id=\"1890b7e\" data-element_type=\"widget\" data-e-type=\"widget\" data-widget_type=\"alloggio_core_banner.default\">\n\t\t\t\t<div class=\"elementor-widget-container\">\n\t\t\t\t\t<div class=\"qodef-shortcode qodef-m qodef-banner qodef-layout--link-overlay\">\n\t<div class=\"qodef-m-image\">\n\t<img loading=\"lazy\" decoding=\"async\" width=\"1920\" height=\"1080\" src=\"https:\/\/esperidesbeach.gr\/wp-content\/uploads\/2022\/12\/evaggelistrias-monastery-skiathos.jpg\" class=\"attachment-full size-full\" alt=\"\" srcset=\"https:\/\/esperidesbeach.gr\/wp-content\/uploads\/2022\/12\/evaggelistrias-monastery-skiathos.jpg 1920w, https:\/\/esperidesbeach.gr\/wp-content\/uploads\/2022\/12\/evaggelistrias-monastery-skiathos-300x169.jpg 300w, https:\/\/esperidesbeach.gr\/wp-content\/uploads\/2022\/12\/evaggelistrias-monastery-skiathos-1024x576.jpg 1024w, https:\/\/esperidesbeach.gr\/wp-content\/uploads\/2022\/12\/evaggelistrias-monastery-skiathos-768x432.jpg 768w, https:\/\/esperidesbeach.gr\/wp-content\/uploads\/2022\/12\/evaggelistrias-monastery-skiathos-1536x864.jpg 1536w, https:\/\/esperidesbeach.gr\/wp-content\/uploads\/2022\/12\/evaggelistrias-monastery-skiathos-600x338.jpg 600w\" sizes=\"(max-width: 1920px) 100vw, 1920px\" \/>\t<a itemprop=\"url\" href=\"\" class=\"qodef-m-banner-link\" target=\"_self\"><\/a>\n<\/div>\t<div class=\"qodef-m-content\">\n\t\t<div class=\"qodef-m-content-inner\" style=\"text-align: center\">\n\t\t\t<div class=\"qodef-m-content-inner-background\" ><\/div>\n\t\t\t<div class=\"qodef-m-content-inner-holder\">\n\t\t\t\t\t\t\t\t\t\t\t\t\t\t\t\t<a itemprop=\"url\" href=\"\" class=\"qodef-m-banner-link\" target=\"_self\"><\/a>\n\t\t\t<\/div>\n\t\t\t<a itemprop=\"url\" href=\"\" class=\"qodef-m-banner-link\" target=\"_self\"><\/a>\n\t\t<\/div>\n\t<\/div>\n<\/div>\n\t\t\t\t<\/div>\n\t\t\t\t<\/div>\n\t\t\t\t\t<\/div>\n\t\t<\/div>\n\t\t\t\t\t<\/div>\n\t\t<\/section>\n\t\t\t\t<section class=\"elementor-section elementor-top-section elementor-element elementor-element-5cabb0d elementor-section-full_width qodef-elementor-content-grid elementor-section-height-default elementor-section-height-default\" data-id=\"5cabb0d\" data-element_type=\"section\" data-e-type=\"section\">\n\t\t\t\t\t\t<div class=\"elementor-container elementor-column-gap-no\">\n\t\t\t\t\t<div class=\"elementor-column elementor-col-100 elementor-top-column elementor-element elementor-element-0031357\" data-id=\"0031357\" data-element_type=\"column\" data-e-type=\"column\">\n\t\t\t<div class=\"elementor-widget-wrap elementor-element-populated\">\n\t\t\t\t\t\t<div class=\"elementor-element elementor-element-69dd4c6 elementor-widget elementor-widget-alloggio_core_section_title\" data-id=\"69dd4c6\" data-element_type=\"widget\" data-e-type=\"widget\" data-widget_type=\"alloggio_core_section_title.default\">\n\t\t\t\t<div class=\"elementor-widget-container\">\n\t\t\t\t\t<div class=\"qodef-shortcode qodef-m qodef-section-title qodef-alignment--center\">\n\t\t<h2 class=\"qodef-m-title\" >\n\t\t\t\t\tNachtleben\t\t\t<\/h2>\n\t\t<span class=\"qodef-m-text\" style=\"margin-top: 25px\">Vergessen Sie nicht, sich vor Ihrer Abreise von Papadiamantis&#039; Heimatinsel mit den lokalen Spezialit\u00e4ten einzudecken \u2013 ber\u00fchmt ist zum Beispiel das Mandelkonfekt.<\/span>\n<\/div>\t\t\t\t<\/div>\n\t\t\t\t<\/div>\n\t\t\t\t\t<\/div>\n\t\t<\/div>\n\t\t\t\t\t<\/div>\n\t\t<\/section>\n\t\t\t\t<section class=\"elementor-section elementor-top-section elementor-element elementor-element-59d86a51 elementor-section-full_width elementor-section-height-default elementor-section-height-default qodef-elementor-content-no\" data-id=\"59d86a51\" data-element_type=\"section\" data-e-type=\"section\">\n\t\t\t\t\t\t<div class=\"elementor-container elementor-column-gap-no\">\n\t\t\t\t\t<div class=\"elementor-column elementor-col-100 elementor-top-column elementor-element elementor-element-7acb69b\" data-id=\"7acb69b\" data-element_type=\"column\" data-e-type=\"column\">\n\t\t\t<div class=\"elementor-widget-wrap elementor-element-populated\">\n\t\t\t\t\t\t<div class=\"elementor-element elementor-element-3a31d631 elementor-widget elementor-widget-alloggio_core_banner\" data-id=\"3a31d631\" data-element_type=\"widget\" data-e-type=\"widget\" data-widget_type=\"alloggio_core_banner.default\">\n\t\t\t\t<div class=\"elementor-widget-container\">\n\t\t\t\t\t<div class=\"qodef-shortcode qodef-m qodef-banner qodef-layout--link-overlay\">\n\t<div class=\"qodef-m-image\">\n\t<img loading=\"lazy\" decoding=\"async\" width=\"1920\" height=\"1080\" src=\"https:\/\/esperidesbeach.gr\/wp-content\/uploads\/2022\/12\/skiathos-3-1.jpg\" class=\"attachment-full size-full\" alt=\"\" srcset=\"https:\/\/esperidesbeach.gr\/wp-content\/uploads\/2022\/12\/skiathos-3-1.jpg 1920w, https:\/\/esperidesbeach.gr\/wp-content\/uploads\/2022\/12\/skiathos-3-1-300x169.jpg 300w, https:\/\/esperidesbeach.gr\/wp-content\/uploads\/2022\/12\/skiathos-3-1-1024x576.jpg 1024w, https:\/\/esperidesbeach.gr\/wp-content\/uploads\/2022\/12\/skiathos-3-1-768x432.jpg 768w, https:\/\/esperidesbeach.gr\/wp-content\/uploads\/2022\/12\/skiathos-3-1-1536x864.jpg 1536w, https:\/\/esperidesbeach.gr\/wp-content\/uploads\/2022\/12\/skiathos-3-1-600x338.jpg 600w\" sizes=\"(max-width: 1920px) 100vw, 1920px\" \/>\t<a itemprop=\"url\" href=\"\" class=\"qodef-m-banner-link\" target=\"_self\"><\/a>\n<\/div>\t<div class=\"qodef-m-content\">\n\t\t<div class=\"qodef-m-content-inner\" style=\"text-align: center\">\n\t\t\t<div class=\"qodef-m-content-inner-background\" ><\/div>\n\t\t\t<div class=\"qodef-m-content-inner-holder\">\n\t\t\t\t\t\t\t\t\t\t\t\t\t\t\t\t<a itemprop=\"url\" href=\"\" class=\"qodef-m-banner-link\" target=\"_self\"><\/a>\n\t\t\t<\/div>\n\t\t\t<a itemprop=\"url\" href=\"\" class=\"qodef-m-banner-link\" target=\"_self\"><\/a>\n\t\t<\/div>\n\t<\/div>\n<\/div>\n\t\t\t\t<\/div>\n\t\t\t\t<\/div>\n\t\t\t\t\t<\/div>\n\t\t<\/div>\n\t\t\t\t\t<\/div>\n\t\t<\/section>\n\t\t\t\t<section class=\"elementor-section elementor-top-section elementor-element elementor-element-15a9792 elementor-section-full_width qodef-elementor-content-grid elementor-section-height-default elementor-section-height-default\" data-id=\"15a9792\" data-element_type=\"section\" data-e-type=\"section\">\n\t\t\t\t\t\t<div class=\"elementor-container elementor-column-gap-no\">\n\t\t\t\t\t<div class=\"elementor-column elementor-col-100 elementor-top-column elementor-element elementor-element-8d054b2\" data-id=\"8d054b2\" data-element_type=\"column\" data-e-type=\"column\">\n\t\t\t<div class=\"elementor-widget-wrap elementor-element-populated\">\n\t\t\t\t\t\t<div class=\"elementor-element elementor-element-a05e187 elementor-widget elementor-widget-alloggio_core_section_title\" data-id=\"a05e187\" data-element_type=\"widget\" data-e-type=\"widget\" data-widget_type=\"alloggio_core_section_title.default\">\n\t\t\t\t<div class=\"elementor-widget-container\">\n\t\t\t\t\t<div class=\"qodef-shortcode qodef-m qodef-section-title qodef-alignment--center\">\n\t\t<h2 class=\"qodef-m-title\" >\n\t\t\t\t\tMehr Informationen\t\t\t<\/h2>\n\t\t<span class=\"qodef-m-text\" style=\"margin-top: 25px\">Vergessen Sie nicht, sich vor Ihrer Abreise von Papadiamantis&#039; Heimatinsel mit den lokalen Spezialit\u00e4ten einzudecken \u2013 ber\u00fchmt ist zum Beispiel das Mandelkonfekt.\n\nSchiffsverbindungen von und nach Volos, Agios Konstantinos, und im  Sommer auch ab Thessaloniki. Auch ist die Insel \u00fcber t\u00e4gliche Fluglinien mit dem In- und Ausland verbunden. <\/span>\n<\/div>\t\t\t\t<\/div>\n\t\t\t\t<\/div>\n\t\t\t\t\t<\/div>\n\t\t<\/div>\n\t\t\t\t\t<\/div>\n\t\t<\/section>\n\t\t\t\t<\/div>\n\t\t","protected":false},"excerpt":{"rendered":"<p>Skiathos Skiathos ist die kleinste Insel der Nordsporaden und befindet sich in der n\u00f6rdlichen \u00c4g\u00e4is. \u00dcber 60 ihrer Str\u00e4nde sind von Land und Meer aus zug\u00e4nglich, was 44km K\u00fcstenlinie entspricht. Je nach Lust und Laune k\u00f6nnen Sie sich dort einfach entspannen oder die kosmopolitische Umgebung und die dynamische Musik genie\u00dfen, tauchen, Wassersport treiben, reiten, auf [&hellip;]<\/p>\n","protected":false},"author":1,"featured_media":0,"parent":0,"menu_order":0,"comment_status":"closed","ping_status":"closed","template":"page-full-width.php","meta":{"rs_blank_template":"","rs_page_bg_color":"","slide_template_v7":"","footnotes":""},"class_list":["post-6785","page","type-page","status-publish","hentry"],"_links":{"self":[{"href":"https:\/\/esperidesbeach.gr\/de\/wp-json\/wp\/v2\/pages\/6785","targetHints":{"allow":["GET"]}}],"collection":[{"href":"https:\/\/esperidesbeach.gr\/de\/wp-json\/wp\/v2\/pages"}],"about":[{"href":"https:\/\/esperidesbeach.gr\/de\/wp-json\/wp\/v2\/types\/page"}],"author":[{"embeddable":true,"href":"https:\/\/esperidesbeach.gr\/de\/wp-json\/wp\/v2\/users\/1"}],"replies":[{"embeddable":true,"href":"https:\/\/esperidesbeach.gr\/de\/wp-json\/wp\/v2\/comments?post=6785"}],"version-history":[{"count":4,"href":"https:\/\/esperidesbeach.gr\/de\/wp-json\/wp\/v2\/pages\/6785\/revisions"}],"predecessor-version":[{"id":6814,"href":"https:\/\/esperidesbeach.gr\/de\/wp-json\/wp\/v2\/pages\/6785\/revisions\/6814"}],"wp:attachment":[{"href":"https:\/\/esperidesbeach.gr\/de\/wp-json\/wp\/v2\/media?parent=6785"}],"curies":[{"name":"wp","href":"https:\/\/api.w.org\/{rel}","templated":true}]}}